{"id":1641,"date":"2018-10-26T14:18:23","date_gmt":"2018-10-26T12:18:23","guid":{"rendered":"https:\/\/barzano-zanardo.snaptest.it\/?page_id=1641"},"modified":"2024-10-03T16:41:26","modified_gmt":"2024-10-03T14:41:26","slug":"informativa-modulo-di-iscrizione-agli-eventi","status":"publish","type":"page","link":"https:\/\/barzano-zanardo.com\/it\/aree-strategia-regionale-di-specializzazione\/","title":{"rendered":"Aree della &#8220;Strategia regionale di specializzazione intelligente per la ricerca e l&#8217;innovazione"},"content":{"rendered":"<ol>\n<li>Aerospazio<\/li>\n<li>Agroalimentare<\/li>\n<li>Eco-industria<\/li>\n<li>Industrie creative e culturali<\/li>\n<li>Industria della Salute<\/li>\n<li>Manifatturiero Avanzato<\/li>\n<li>Mobilit\u00e0 sostenibile<\/li>\n<\/ol>\n<p>oppure all\u2019area trasversale di sviluppo Smart cities and communities.<\/p>\n<p>Inoltre i progetti aziendali di cui le domande di brevetto fanno parte dovranno avere ricadute sui seguenti fabbisogni della collettivit\u00e0, cio\u00e8 i cosiddetti 8 &#8220;ecosistemi&#8221;:<\/p>\n<ul>\n<li>Nutrizione: risponde al soddisfacimento del bisogno di tutti gli individui di avere accesso a cibo sano, sicuro e sufficiente che soddisfi le sue esigenze dietetiche e le preferenze alimentari consentendogli di vivere una vita attiva e sana;<\/li>\n<li>Salute e life science: risponde al bisogno delle persone di vivere una vita priva di malattie e\/o infermit\u00e0 fisiche o psichiche e, in senso pi\u00f9 ampio, di godere di uno stato di completo benessere fisico, mentale e sociale, cos\u00ec come definito dall\u2019OMS;<\/li>\n<li>Cultura e conoscenza: risponde all\u2019esigenza delle persone di agire nel mondo che lo circonda con consapevolezza del presente e del passato e di acquisire elementi di conoscenza utili a cogliere le opportunit\u00e0 del futuro;<\/li>\n<li>Connettivit\u00e0 e informazione: risponde al bisogno della persona di connettersi e di entrare in rete con altre persone;<\/li>\n<li>Smart mobility e architecture: risponde al bisogno dell\u2019individuo di muoversi ed essere accolto negli spazi interni, urbani ed extraurbani, ma anche di assicurare l\u2019accesso a risorse e merci e la connessione tra territori;<\/li>\n<li>Sostenibilit\u00e0: risponde al bisogno delle persone di vivere in un contesto socioeconomico e ambientale in grado di fornire risorse sufficienti al proprio sostentamento e di assicurare lo sviluppo, la tutela e la valorizzazione del territorio;<\/li>\n<li>Sviluppo sociale: risponde ai bisogni di sicurezza e benessere della persona nonch\u00e9 alla necessit\u00e0 di interagire con altri individui nel pieno rispetto di alcuni valori quali, ad esempio, la tolleranza, l\u2019inclusione sociale, la multiculturalit\u00e0;<\/li>\n<li>Manifattura avanzata: risponde al bisogno della persona di lavorare in sicurezza e con dignit\u00e0 applicandosi in attivit\u00e0 gratificanti, non alienanti e che concorrano alla sua autorealizzazione e all\u2019espressione delle proprie potenzialit\u00e0.<\/li>\n<\/ul>\n<p>La matrice seguente incrocia a titolo di esempio le summenzionate aree di specializzazione della S3 con gli otto ecosistemi<\/p>\n<p><img fetchpriority=\"high\" decoding=\"async\" class=\"aligncenter size-full wp-image-3179\" src=\"https:\/\/barzano-zanardo.com\/wp-content\/uploads\/2020\/01\/BURL-Tabella.jpg\" alt=\"\" width=\"1571\" height=\"1215\" \/><\/p>\n","protected":false},"excerpt":{"rendered":"<p>Aerospazio Agroalimentare Eco-industria Industrie creative e culturali Industria della Salute Manifatturiero Avanzato Mobilit\u00e0 sostenibile oppure all\u2019area trasversale di sviluppo Smart cities and communities. Inoltre i progetti aziendali di cui le domande di brevetto fanno parte dovranno avere ricadute sui seguenti fabbisogni della collettivit\u00e0, cio\u00e8 i cosiddetti 8 &#8220;ecosistemi&#8221;: Nutrizione: risponde al soddisfacimento del bisogno di [&hellip;]<\/p>\n","protected":false},"author":9,"featured_media":0,"parent":0,"menu_order":2,"comment_status":"closed","ping_status":"closed","template":"","meta":{"_acf_changed":false,"inline_featured_image":false,"footnotes":""},"class_list":["post-1641","page","type-page","status-publish","hentry"],"acf":[],"_links":{"self":[{"href":"https:\/\/barzano-zanardo.com\/it\/wp-json\/wp\/v2\/pages\/1641","targetHints":{"allow":["GET"]}}],"collection":[{"href":"https:\/\/barzano-zanardo.com\/it\/wp-json\/wp\/v2\/pages"}],"about":[{"href":"https:\/\/barzano-zanardo.com\/it\/wp-json\/wp\/v2\/types\/page"}],"author":[{"embeddable":true,"href":"https:\/\/barzano-zanardo.com\/it\/wp-json\/wp\/v2\/users\/9"}],"replies":[{"embeddable":true,"href":"https:\/\/barzano-zanardo.com\/it\/wp-json\/wp\/v2\/comments?post=1641"}],"version-history":[{"count":1,"href":"https:\/\/barzano-zanardo.com\/it\/wp-json\/wp\/v2\/pages\/1641\/revisions"}],"predecessor-version":[{"id":24125,"href":"https:\/\/barzano-zanardo.com\/it\/wp-json\/wp\/v2\/pages\/1641\/revisions\/24125"}],"wp:attachment":[{"href":"https:\/\/barzano-zanardo.com\/it\/wp-json\/wp\/v2\/media?parent=1641"}],"curies":[{"name":"wp","href":"https:\/\/api.w.org\/{rel}","templated":true}]}}