{"id":25959,"date":"2025-07-28T14:53:13","date_gmt":"2025-07-28T12:53:13","guid":{"rendered":"https:\/\/barzano-zanardo.com\/?page_id=25959"},"modified":"2025-10-22T10:32:44","modified_gmt":"2025-10-22T08:32:44","slug":"informativa-clienti","status":"publish","type":"page","link":"https:\/\/barzano-zanardo.com\/it\/informativa-clienti\/","title":{"rendered":"Informativa Clienti"},"content":{"rendered":"\n<p><a>Ai sensi e per gli effetti dell\u2019art. 13 del Regolamento Europeo 2016\/679 (<em>di seguito GDPR) <\/em>recante disposizioni in materia di protezione dei dati personali, la Societ\u00e0 <strong>Barzan\u00f2 &amp; Zanardo&nbsp; S.p.a.<\/strong>, in qualit\u00e0 di Titolare del trattamento (di seguito denominata il \u201c<strong>Titolare<\/strong>\u201d) La informa che i dati da Lei forniti formeranno oggetto di trattamento nel rispetto della normativa richiamata.<\/a><\/p>\n\n\n\n<p>I trattamenti di dati personali saranno effettuati in modo lecito, corretto e trasparente nei confronti dell\u2019interessato.<\/p>\n\n\n\n<p>Per trattamento di dati personali intendiamo qualunque operazione o complesso di operazioni, effettuate anche senza l&#8217;ausilio di strumenti elettronici, concernenti la raccolta, la registrazione, l&#8217;organizzazione, la conservazione, la consultazione, l&#8217;elaborazione, la modifica, la selezione, l&#8217;estrazione, il raffronto, l&#8217;utilizzo, l&#8217;interconnessione, il blocco, la comunicazione, la diffusione, la cancellazione e la distruzione di dati, anche se non registrati in una banca di dati.&nbsp;<\/p>\n\n\n\n<p>La presente informativa \u00e8 resa altres\u00ec agli effetti dell\u2019art. 13 L. 132\/2025 \u201cDisposizioni e deleghe al Governo in materia di intelligenza artificiale\u201d per cui si rinvia al par \u201c<strong>Modalit\u00e0 del trattamento<\/strong>\u201d.<\/p>\n\n\n\n<p><strong>TITOLARE DEL TRATTAMENTO<\/strong><\/p>\n\n\n\n<p>La Societ\u00e0 <strong>Barzan\u00f2 &amp; Zanardo&nbsp; S.p.a. <\/strong>(C.F.: 05051840584 \/ P.Iva: 01347741009)&nbsp;in persona del legale rappresentante p.t., con sede legale in Via Piemonte, 26 00187 Roma, Italia recapiti: e-mail: <a href=\"mailto:privacy@barzano-zanardo.com\">privacy@barzano-zanardo.com<\/a>&nbsp; \u2013 PEC: <a href=\"mailto:b-zmilano@pec.barzano-zanardo.com\">b-zmilano@pec.barzano-zanardo.com<\/a> &#8211; Tel. 06 421771.<\/p>\n\n\n\n<p><a><\/a><a><strong>RESPONSABILE PROTEZIONE DEI DATI (RPD O DPO)<\/strong><\/a><\/p>\n\n\n\n<p>L\u2019<strong>Avv. Clementina Baroni <\/strong>(P.IVA 02001880356 e C.F. BRNCMN73T50L826B),in qualit\u00e0 di <strong>DPO<\/strong> con forza di nomina ad hoc, con sede legale in Via Domenico Francesco Cecati, 1\/1, 42123 Reggio nell&#8217;Emilia (RE), recapiti: email <a href=\"mailto:dpo@studiolegaleavvbaroni.it\">dpo@studiolegaleavvbaroni.it<\/a>&nbsp; &#8211; PEC <a href=\"mailto:clementina.baroni@ordineavvocatireggioemilia.it\">clementina.baroni@ordineavvocatireggioemilia.it<\/a> &nbsp;\u2013 Tel. 0522506307.<\/p>\n\n\n\n<p><strong>CATEGORIE DI DATI TRATTATI<\/strong><strong><em><\/em><\/strong><\/p>\n\n\n\n<p>I Dati oggetto del presente trattamento sono i seguenti:<\/p>\n\n\n\n<ul class=\"wp-block-list\">\n<li><u>in caso di persona fisica<\/u> saranno i Dati personali identificativi (a titolo esemplificativo e non esaustivo: nome, cognome, luogo e data di nascita, c.f., documento di riconoscimento, n. tel., indirizzo e-mail, indirizzo ip, ect.) del soggetto interessato e\/o di terzi per conto dell\u2019interessato;<\/li>\n<\/ul>\n\n\n\n<ul class=\"wp-block-list\">\n<li><u>in caso di persona giuridica<\/u> i Dati saranno ragione sociale, indirizzo e-mail, PEC, iban, c.f.\/P.iva, n. tel., indirizzo della sede aziendale, etc. del soggetto interessato e\/o di terzi per conto dell\u2019interessato.<\/li>\n<\/ul>\n\n\n\n<p><strong>FINALITA\u2019 DEL TRATTAMENTO<\/strong><\/p>\n\n\n\n<p><strong><u>A. INSTAURAZIONE ED ESECUZIONE DEL CONTRATTO,<\/u><\/strong><strong> <\/strong>che ad esempio si concretizza in: attivit\u00e0 precontrattuali, stipula ed esecuzione del contratto, comprensivo della fornitura di credenziali di accesso a piattaforme dedicate, gestione contenzioso.<\/p>\n\n\n\n<p><strong>Base giuridica del trattamento<\/strong>: il trattamento dei dati raccolti \u00e8 giustificato dal contratto di fornitura di beni o servizi di cui lei \u00e8 parte (art. 6 lett. b GDPR).<\/p>\n\n\n\n<p><strong>Destinatari dei dati<\/strong>: i dati raccolti in relazione alla finalit\u00e0 indicata potranno essere comunicati a studi professionali di legali, commercialisti o consulenti del lavoro, ai responsabili del trattamento designati ai sensi dell\u2019art. 28 del Reg. UE 2016\/679, ad imprese di assicurazione, a consulenti informatici\/amministratori di sistemi, titolari autonomi e contitolari.<br>L&#8217;elenco aggiornato dei responsabili al trattamento \u00e8 custodito presso la sede del Titolare e potr\u00e0 essere consultato da Lei in qualsiasi momento, previa richiesta di accesso ai dati.<\/p>\n\n\n\n<p><strong>Durata del trattamento<\/strong>: i dati raccolti in relazione alla predetta finalit\u00e0 verranno conservati sino alla cessazione, per qualunque causa, del rapporto negoziale o per la maggior durata alla scadenza del termine di prescrizione ordinario per la responsabilit\u00e0 contrattuale, fatte salve speciali esigenze di ulteriore conservazione dei dati.<\/p>\n\n\n\n<p><strong>Mancata comunicazione dei dati<\/strong>: il conferimento dei dati necessari per il perseguimento delle finalit\u00e0 indicata \u00e8 un obbligo contrattuale a cui l\u2019interessato \u00e8 tenuto ad adempiere. La mancata comunicazione da parte dell\u2019interessato comporta l\u2019impossibilit\u00e0 di dare esecuzione al contratto.<\/p>\n\n\n\n<p><strong><u>B. ADEMPIMENTO OBBLIGHI DI LEGGE,<\/u><\/strong><strong> <\/strong>che ad esempio si concretizza in: obblighi amministrativi e contabili, obblighi fiscali.<\/p>\n\n\n\n<p><strong>Base giuridica del trattamento: <\/strong>il trattamento dei dati raccolti \u00e8 giustificato dall\u2019adempimento di obblighi di legge in capo al Titolare (art. 6 lett. c GDPR).<\/p>\n\n\n\n<p><strong>Destinatari dei dati<\/strong>: i dati raccolti in relazione alla finalit\u00e0 indicata potranno essere comunicati: agli istituti di credito, all\u2019Agenzia delle Entrate, altri enti pubblici e\/o soggetti privati a cui la comunicazione dei dati \u00e8 prevista per legge a studi professionali di legali, commercialisti o consulenti del lavoro, ai responsabili del trattamento designati ai sensi dell\u2019art. 28 del Reg. UE 2016\/679, ad imprese di assicurazione, a consulenti informatici\/amministratori di sistemi, titolari autonomi e contitolari.<br>L&#8217;elenco aggiornato dei responsabili al trattamento \u00e8 custodito presso la sede del Titolare e potr\u00e0 essere consultato da Lei in qualsiasi momento, previa richiesta di accesso ai dati.<\/p>\n\n\n\n<p><strong>Durata del trattamento<\/strong>: i dati raccolti in relazione alla predetta finalit\u00e0 verranno conservati per il tempo previsto dalla normativa che impone il trattamento o per il maggior termine relativo alla prescrizione dei relativi diritti, fatte salve speciali esigenze di ulteriore conservazione dei dati in relazione ad obblighi di legge sopravvenuti.<\/p>\n\n\n\n<p><strong>Mancata comunicazione dei dati<\/strong>: il conferimento dei dati \u00e8 obbligatorio e necessario per l\u2019adempimento degli obblighi previsti dalla legge. L\u2019eventuale rifiuto a fornire i dati per tale finalit\u00e0 determina l\u2019impossibilit\u00e0 di proseguire nel rapporto.<\/p>\n\n\n\n<p><strong><u>C. COMUNICAZIONI COMMERCIALI<\/u><\/strong>, c.d. soft spam: comunicazioni per informare circa scadenze e adempimenti di obblighi di legge, o comunicazioni per invito ad eventi\/convegni\/corsi formazione.<\/p>\n\n\n\n<p><strong>Base giuridica del trattamento: <\/strong>il trattamento dei dati raccolti \u00e8 giustificato dall\u2019interesse legittimo in capo al Titolare (art. 6 lett. f GDPR).<\/p>\n\n\n\n<p><strong>Destinatari dei dati<\/strong>: i dati raccolti in relazione alla finalit\u00e0 indicata potranno essere comunicati: agli istituti di credito, all\u2019Agenzia delle Entrate, altri enti pubblici e\/o soggetti privati a cui la comunicazione dei dati \u00e8 prevista per legge a studi professionali di legali, commercialisti o consulenti del lavoro, ai responsabili del trattamento designati ai sensi dell\u2019art. 28 del Reg. UE 2016\/679, ad imprese di assicurazione, a consulenti informatici\/amministratori di sistemi e titolari autonomi.<br>L&#8217;elenco aggiornato dei responsabili al trattamento \u00e8 custodito presso la sede del Titolare e potr\u00e0 essere consultato da Lei in qualsiasi momento, previa richiesta di accesso ai dati.<\/p>\n\n\n\n<p><strong>Durata del trattamento<\/strong>: i dati raccolti in relazione alla predetta finalit\u00e0 verranno conservati per il tempo previsto dalla normativa che impone il trattamento o per il maggior termine relativo alla prescrizione dei relativi diritti, fatte salve speciali esigenze di ulteriore conservazione dei dati in relazione ad obblighi di legge sopravvenuti.<\/p>\n\n\n\n<p><strong><u>Con riferimento ai punti A, B e C della presente informativa, il Titolare del Trattamento indica altres\u00ec le seguenti informazioni:<\/u><\/strong><\/p>\n\n\n\n<p><strong>Modalit\u00e0 del trattamento<\/strong>: il trattamento dei dati per le finalit\u00e0 sopra esposte avviene tramite supporto elettronico, informatico o cartaceo nel rispetto delle regole di riservatezza e sicurezza previste dalle normative sopra richiamate e da altre normative ad esse conseguenti.<\/p>\n\n\n\n<p>Il Titolare La informa, nel rispetto dell\u2019art. 13 della L. 132\/2025, che per l\u2019esecuzione delle attivit\u00e0 strumentali e\/o di supporto all\u2019attivit\u00e0 professionale potr\u00e0 ricorrere all\u2019impiego di sistemi di intelligenza artificiale (\u201c<strong>AI<\/strong>\u201d), fatta salva la prevalenza del lavoro intellettuale oggetto della prestazione. L\u2019AI sar\u00e0 impiegata esclusivamente per funzioni di supporto alla attivit\u00e0 professionale, quali, a titolo meramente esemplificativo, la gestione di attivit\u00e0 organizzative, la ricerca normativa e giurisprudenziale, l&#8217;analisi preliminare di documenti e la predisposizione di bozze o sintesi. Il risultato ottenuto, sia in sede di generazione dell\u2019output che di verifica delle fonti, sar\u00e0 oggetto di una verifica attenta e accurata (ivi inclusa la sorveglianza umana) da parte dei soggetti autorizzati deputati al perseguimento delle finalit\u00e0 sopra indicate nonch\u00e9 espressamente autorizzati ed istruiti dal Titolare ai sensi dell\u2019art. 29 GDPR e 2-quatercedecies del Codice Privacy,<br>L\u2019utilizzo dell\u2019AI, qualora comporti il trattamento di dati personali, sar\u00e0 impiegata nel pieno rispetto delle disposizioni del GDPR e dei doveri professionali al fine di garantire la tutela della privacy e della riservatezza degli interessati.<\/p>\n\n\n\n<p><strong>Trasferimento dei dati all\u2019estero<\/strong>: I dati raccolti in relazione alle predette finalit\u00e0 non sono trasferiti in paesi non appartenenti all\u2019UE.&nbsp; Il titolare, tuttavia, si riserva la possibilit\u00e0 di utilizzare servizi in cloud; nel qual caso, i fornitori dei servizi saranno selezionati tra coloro che forniscono garanzie adeguate, cos\u00ec come previsto dall\u2019art. 46 del Regolamento UE 2016\/679.<\/p>\n\n\n\n<p><strong>Processi decisionali automatizzati:<\/strong> i dati raccolti in relazione alla predetta finalit\u00e0 non sono soggetti a processi decisionali automatizzati (compresa la profilazione).<\/p>\n\n\n\n<p><strong>Diritti dell\u2019interessato<\/strong>: ai sensi del Reg. UE 2016\/679 l\u2019interessato ha diritto di:<\/p>\n\n\n\n<ul class=\"wp-block-list\">\n<li>accedere ai dati personali per conoscere (\u201ctrasparenza reattiva\u201d) le finalit\u00e0 del trattamento, le categorie dei dati personali raccolti, i destinatari della comunicazione dei dati, in particolare se destinatari di paesi terzi o organizzazioni internazionali, il periodo di conservazione dei dati previsti (art. 15);<\/li>\n\n\n\n<li>ottenere la rettifica (art. 16);<\/li>\n\n\n\n<li>diritto di ottenere la cancellazione dei dati personali, qualora questi non siano pi\u00f9 necessari rispetto alle finalit\u00e0 per le quali sono stati raccolti e qualora non sussistano ulteriori necessit\u00e0 legali di conservazione (art. 17 GDPR);<\/li>\n\n\n\n<li>richiedere la limitazione del trattamento (art. 18);<\/li>\n\n\n\n<li>richiedere la portabilit\u00e0 dei dati (art. 20);<\/li>\n\n\n\n<li>diritto di fare opposizione al trattamento per motivi connessi alla Sua situazione particolare (art. 21 GDPR). In tal caso, ci si asterr\u00e0 dal trattare ulteriormente i Suoi dati salvo che dimostri l\u2019esistenza di motivi legittimi cogenti per procedere al trattamento (es. per la difesa dei suoi diritti in sede giudiziaria).<\/li>\n\n\n\n<li>di non essere sottoposto a processo decisionale automatizzato, compresa la profilazione (art. 22).<\/li>\n<\/ul>\n\n\n\n<p>Infine, l\u2019interessato avr\u00e0 il diritto di proporre reclamo all\u2019Autorit\u00e0 Garante ai sensi dell\u2019art. 13 par. 2 lett. d) del suddetto regolamento nonch\u00e9 ai sensi dell\u2019art 77 del regolamento.<\/p>\n\n\n\n<p><strong>Modalit\u00e0 di esercizio dei diritti: <\/strong> l\u2019interessato potr\u00e0 in qualsiasi momento esercitare i suoi diritti conformemente a quanto previsto dall\u2019art. 12 del Regolamento UE 2016\/679, contattando la societ\u00e0, inviando una:<\/p>\n\n\n\n<ul class=\"wp-block-list\">\n<li>raccomandata a\/r a: <strong>Barzan\u00f2 &amp; Zanardo&nbsp; S.p.A.<\/strong> con sede legale in Via Piemonte, 26 00187 Roma, Italia recapiti:<\/li>\n\n\n\n<li>e-mail: <a href=\"mailto:privacy@barzano-zanardo.com\">privacy@barzano-zanardo.com<\/a>&nbsp;<\/li>\n\n\n\n<li>PEC: <a href=\"mailto:b-zmilano@pec.barzano-zanardo.com\">b-zmilano@pec.barzano-zanardo.com<\/a><\/li>\n<\/ul>\n\n\n\n<p>oppure contattando il <strong>DPO<\/strong>, inviando una:<\/p>\n\n\n\n<ul class=\"wp-block-list\">\n<li>raccomandata a\/r a: <strong>Avv. Clementina Baroni <\/strong>con sede legale inVia Domenico Francesco Cecati, 1\/1, 42123 Reggio nell&#8217;Emilia (RE);<\/li>\n\n\n\n<li>PEC: <strong><u>&nbsp;<\/u><\/strong><a href=\"mailto:clementina.baroni@ordineavvocatireggioemilia.it\">clementina.baroni@ordineavvocatireggioemilia.it<\/a>;<\/li>\n\n\n\n<li>e-mail: <a href=\"mailto:dpo@studiolegaleavvbaroni.it\">dpo@studiolegaleavvbaroni.it<\/a><\/li>\n<\/ul>\n\n\n\n<p><strong>Clausola di rinvio<\/strong>: per tutto quanto non previsto nella presente informativa si rinvia alle norme di leggi vigenti in materia e in particolare al Regolamento 2016\/679 nonch\u00e9 al d.lgs. n. 196\/03 cos\u00ec come modificato dal d.lgs. 101\/18 e s.m.i, nonch\u00e9 da ogni altro provvedimento ad esso inerente. <br><br><strong>Letta e ricevuta l\u2019informativa privacy, il sottoscritto prende atto di quanto sopra in ordine al trattamento dei dati per le finalit\u00e0 indicate.&nbsp;<\/strong><\/p>\n\n\n\n<p><\/p>\n","protected":false},"excerpt":{"rendered":"<p>Ai sensi e per gli effetti dell\u2019art. 13 del Regolamento Europeo 2016\/679 (di seguito GDPR) recante disposizioni in materia di protezione dei dati personali, la Societ\u00e0 Barzan\u00f2 &amp; Zanardo&nbsp; S.p.a., in qualit\u00e0 di Titolare del trattamento (di seguito denominata il \u201cTitolare\u201d) La informa che i dati da Lei forniti formeranno oggetto di trattamento nel rispetto [&hellip;]<\/p>\n","protected":false},"author":10,"featured_media":0,"parent":0,"menu_order":0,"comment_status":"closed","ping_status":"closed","template":"","meta":{"_acf_changed":false,"inline_featured_image":false,"footnotes":""},"class_list":["post-25959","page","type-page","status-publish","hentry"],"acf":[],"_links":{"self":[{"href":"https:\/\/barzano-zanardo.com\/it\/wp-json\/wp\/v2\/pages\/25959","targetHints":{"allow":["GET"]}}],"collection":[{"href":"https:\/\/barzano-zanardo.com\/it\/wp-json\/wp\/v2\/pages"}],"about":[{"href":"https:\/\/barzano-zanardo.com\/it\/wp-json\/wp\/v2\/types\/page"}],"author":[{"embeddable":true,"href":"https:\/\/barzano-zanardo.com\/it\/wp-json\/wp\/v2\/users\/10"}],"replies":[{"embeddable":true,"href":"https:\/\/barzano-zanardo.com\/it\/wp-json\/wp\/v2\/comments?post=25959"}],"version-history":[{"count":5,"href":"https:\/\/barzano-zanardo.com\/it\/wp-json\/wp\/v2\/pages\/25959\/revisions"}],"predecessor-version":[{"id":26156,"href":"https:\/\/barzano-zanardo.com\/it\/wp-json\/wp\/v2\/pages\/25959\/revisions\/26156"}],"wp:attachment":[{"href":"https:\/\/barzano-zanardo.com\/it\/wp-json\/wp\/v2\/media?parent=25959"}],"curies":[{"name":"wp","href":"https:\/\/api.w.org\/{rel}","templated":true}]}}