{"id":754,"date":"2018-04-06T12:32:40","date_gmt":"2018-04-06T10:32:40","guid":{"rendered":"https:\/\/barzano-zanardo.snaptest.it\/?page_id=754"},"modified":"2025-07-28T15:39:12","modified_gmt":"2025-07-28T13:39:12","slug":"privacy","status":"publish","type":"page","link":"https:\/\/barzano-zanardo.com\/it\/privacy\/","title":{"rendered":"Privacy"},"content":{"rendered":"\n<p><a><\/a><a>La scrivente Societ\u00e0 <\/a><a><strong>Societ\u00e0 <\/strong><\/a><a><strong>Barzan\u00f2 &amp; Zanardo&nbsp; S.p.a.(C.F.: 05051840584 \/ P.Iva: 01347741009)&nbsp;in persona del legale rappresentante p.t., con sede legale in Via Piemonte, 26 00187 Roma, Italia recapiti: e-mail: <\/strong><\/a><a href=\"mailto:privacy@barzano-zanardo.com\">privacy@barzano-zanardo.com<\/a><strong>&nbsp; \u2013 PEC: <\/strong><a href=\"mailto:b-zmilano@pec.barzano-zanardo.com\">b-zmilano@pec.barzano-zanardo.com<\/a><strong> &#8211; Tel. 06 421771<\/strong><strong> proprietario del sito internet <\/strong><a href=\"https:\/\/barzano-zanardo.com\/it\/\">https:\/\/barzano-zanardo.com\/it\/<\/a><strong> <\/strong>(di seguito, il \u201c<strong>Sito<\/strong>\u201d), in qualit\u00e0 di <strong>titolare del trattamento<\/strong> <strong>dei dati personali<\/strong> degli utenti del Sito (di seguito, gli \u201c<strong>Utenti<\/strong>\u201d) fornisce qui di seguito l\u2019informativa privacy ai sensi dell\u2019art. 13 del Regolamento UE 2016\/679 del 27 aprile 2016 (di seguito, \u201c<strong>Regolamento<\/strong>\u201d, o la \u201c<strong>Normativa Applicabile<\/strong>\u201d).<strong><\/strong><\/p>\n\n\n\n<p>Questo Sito e i servizi eventualmente offerti tramite il Sito sono riservati a soggetti che hanno compiuto il diciottesimo anno di et\u00e0. Il Titolare non raccoglie quindi dati personali relativi ai soggetti minori di anni 18. Su richiesta degli Utenti, il Titolare canceller\u00e0 tempestivamente tutti i dati personali involontariamente raccolti e relativi a soggetti minori di anni 18.<\/p>\n\n\n\n<p>La societ\u00e0 ha nominato il <strong>Responsabile della Protezione dei Dati (RPD o DPO),<\/strong>ai sensi dell\u2019art. 37 del GDPR, nella persona dell\u2019<strong>A<a>vv. Clementina Baroni (P.IVA 02001880356 e C.F. BRNCMN73T50L826B), con forza di nomina ad hoc, con sede legale in <\/a><a>Via Domenico Francesco Cecati, 1\/1, 42123 Reggio nell&#8217;Emilia (RE)<\/a>, recapiti: email <a><\/a><\/strong><a href=\"mailto:dpo@studiolegaleavvbaroni.it\">dpo@studiolegaleavvbaroni.it<\/a><strong> <\/strong><strong>&#8211; <\/strong><strong>PEC <\/strong><a href=\"mailto:clementina.baroni@ordineavvocatireggioemilia.it\">clementina.baroni@ordineavvocatireggioemilia.it<\/a><strong> \u2013 Tel. 0522506307.<\/strong><strong><\/strong><\/p>\n\n\n\n<p><a>Il Titolare tiene nella massima considerazione il diritto alla privacy ed alla protezione dei dati personali dei propri Utenti. Per ogni informazione in relazione alla presente informativa privacy, gli Utenti possono <strong>contattare il Titolare<\/strong> in qualsiasi momento, <\/a>inviando una:<\/p>\n\n\n\n<ul class=\"wp-block-list\">\n<li>raccomandata a\/r a: <a><strong>Barzan\u00f2 &amp; Zanardo S.p.a. <\/strong><\/a><strong>con sede legale in Via Piemonte, 26 00187 Roma, Italia recapiti:<\/strong><\/li>\n\n\n\n<li><strong>e-mail: <\/strong><a href=\"mailto:privacy@barzano-zanardo.com\"><strong>privacy@barzano-zanardo.com<\/strong><\/a><strong>\u00a0<\/strong><\/li>\n\n\n\n<li><strong>PEC: <\/strong><a href=\"mailto:b-zmilano@pec.barzano-zanardo.com\"><strong>b-zmilano@pec.barzano-zanardo.com<\/strong><\/a><\/li>\n<\/ul>\n\n\n\n<p>oppure contattando il DPO, inviando una:<\/p>\n\n\n\n<ul class=\"wp-block-list\">\n<li>raccomandata a\/r a: <strong>Avv. Clementina Baroni <\/strong>con sede legale in<strong>Via Domenico Francesco Cecati, 1\/1, 42123 Reggio nell&#8217;Emilia (RE);<\/strong><\/li>\n\n\n\n<li>PEC: <strong><u>\u00a0<\/u><\/strong><a href=\"mailto:clementina.baroni@ordineavvocatireggioemilia.it\">clementina.baroni@ordineavvocatireggioemilia.it<\/a><strong>;<\/strong><\/li>\n\n\n\n<li>e-mail:<a href=\"mailto:dpo@studiolegaleavvbaroni.it\">dpo@studiolegaleavvbaroni.it<\/a><\/li>\n<\/ul>\n\n\n\n<p><strong>1. Categoria di dati trattati:<\/strong><\/p>\n\n\n\n<p>I dati oggetto del presente trattamento sono i seguenti:<\/p>\n\n\n\n<p>a) tutti i dati personali la cui trasmissione \u00e8 implicita nell&#8217;uso dei protocolli di comunicazione di Internet, che i sistemi informatici e le procedure software preposte al funzionamento del Sito acquisiscono nel corso del loro normale esercizio: gli indirizzi IP o i nomi a dominio dei computer utilizzati dagli Utenti, gli indirizzi in notazione URI (Uniform Resource Identifier) delle risorse richieste, l&#8217;orario della richiesta, il metodo utilizzato nel sottoporre la richiesta al server, la dimensione del file ottenuto in risposta, il codice numerico indicante lo stato della risposta data dal server (buon fine, errore, ecc.) ed altri parametri relativi al sistema operativo e all&#8217;ambiente informatico dell&#8217;Utente;<\/p>\n\n\n\n<p>b) dati personali identificativi (es. nome, cognome, indirizzo mail, telefono, indirizzo, indirizzo ip, file di log, etc.);<\/p>\n\n\n\n<p>c) dati volontariamente inseriti dall\u2019Utente nel form Contatti presente sul sito web della Societ\u00e0, quali: nome, cognome, nome azienda, indirizzo mail, &nbsp;indirizzo ip, file di log,etc.)<em><\/em><\/p>\n\n\n\n<p>I dati di natura obbligatoria sono debitamente contrassegnati con un asterisco (*);<\/p>\n\n\n\n<p><strong>2.Finalit\u00e0 del trattamento<\/strong><\/p>\n\n\n\n<p>I dati personali degli Utenti saranno trattati lecitamente dal Titolare ai sensi dell\u2019art. 6 del Regolamento per le seguenti finalit\u00e0 di trattamento:<\/p>\n\n\n\n<ul class=\"wp-block-list\">\n<li><strong><u>fornitura del servizio<\/u><\/strong>, ovvero per consentire la navigazione del Sito da parte dell\u2019Utente. I dati dell\u2019Utente raccolti dal Titolare a tal fine includono tutti i dati vengono utilizzati al solo fine di ricavare informazioni statistiche anonime sull&#8217;uso del Sito e per permetterne il corretto funzionamento. Fermo restando quanto previsto altrove in questa informativa privacy, in nessun caso il Titolare render\u00e0 accessibili agli altri Utenti e\/o a terzi i dati personali degli Utenti.<\/li>\n\n\n\n<li><strong><u>evadere la richiesta dell\u2019Utente<\/u><\/strong>: i dati personali degli Utenti sono raccolti e trattati dal Titolare al solo fine di evadere la loro richiesta. Nessun altro trattamento verr\u00e0 effettuato dal Titolare in relazione ai dati personali degli Utenti. Fermo restando quanto previsto altrove in questa informativa privacy, in nessun caso il Titolare render\u00e0 accessibili agli altri Utenti e\/o a terzi i dati personali degli Utenti.<\/li>\n\n\n\n<li><strong><u>finalit\u00e0 amministrativo-contabili<\/u><\/strong>, ovvero per svolgere attivit\u00e0 di natura organizzativa, amministrativa, finanziaria e contabile, quali attivit\u00e0 organizzative interne ed attivit\u00e0 funzionali all&#8217;adempimento di obblighi contrattuali e precontrattuali.<\/li>\n\n\n\n<li><strong><u>obblighi di legge<\/u><\/strong>, ovvero per adempiere ad obblighi previsti dalla legge, da un\u2019autorit\u00e0, da un regolamento o dalla normativa e per l&#8217;accertamento di responsabilit\u00e0 in caso di ipotetici reati informatici ai danni del Sito.<\/li>\n\n\n\n<li><strong><u>esecuzione di un contratto, <\/u><\/strong>qualora il trattamento sia necessario all\u2019esecuzione di un contratto con l\u2019Utente e\/o all\u2019esecuzione di misure precontrattuali.<\/li>\n<\/ul>\n\n\n\n<p>\u00c8 comunque sempre possibile richiedere al Titolare di chiarire la concreta base giuridica di ciascun trattamento.<\/p>\n\n\n\n<p>Il conferimento dei dati personali per le finalit\u00e0 di trattamento sopra indicate \u00e8 facoltativo ma necessario, poich\u00e9 il mancato conferimento degli stessi comporter\u00e0 l\u2019impossibilit\u00e0 per l\u2019Utente di effettuare la propria richiesta al Titolare.<\/p>\n\n\n\n<p>I dati personali che sono necessari per il perseguimento delle finalit\u00e0 di trattamento descritte al presente punto 2) sono indicati con un asterisco all\u2019interno del modulo di richiesta.<\/p>\n\n\n\n<p><strong>3. Modalit\u00e0 di trattamento e tempi di conservazione dei dati<\/strong><\/p>\n\n\n\n<p>Il Titolare tratter\u00e0 i dati personali degli Utenti mediante strumenti manuali ed informatici, con logiche strettamente correlate alle finalit\u00e0 stesse e, comunque, in modo da garantire la sicurezza e la riservatezza dei dati stessi.<\/p>\n\n\n\n<p>I dati personali degli Utenti del Sito saranno conservati per i tempi strettamente necessari ad espletare le finalit\u00e0 primarie illustrate al precedente punto 2) o comunque secondo quanto necessario per la tutela in sede civilistica degli interessi sia degli Utenti che del Titolare.<\/p>\n\n\n\n<p><strong>4. Ambito di comunicazione e diffusione dei dati<\/strong><\/p>\n\n\n\n<p>Potranno venire a conoscenza dei dati personali degli Utenti i soggetti incaricati di gestire il Sito e le richieste degli Utenti. Tali soggetti, che sono stati istruiti in tal senso dal Titolare ai sensi dell\u2019art. 29 del Regolamento, tratteranno i dati dell\u2019Utente esclusivamente per le finalit\u00e0 indicate nella presente informativa e nel rispetto delle previsioni della Normativa Applicabile.<\/p>\n\n\n\n<p>Potranno inoltre venire a conoscenza dei dati personali degli Utenti i soggetti terzi che potranno trattare dati personali per conto del Titolare in qualit\u00e0 di \u201cResponsabili Esterni del Trattamento\u201d, quali, a titolo esemplificativo, fornitori di servizi informatici e logistici funzionali all\u2019operativit\u00e0 del Sito, fornitori di servizi in <em>outsourcing<\/em> o <em>cloud computing<\/em>, professionisti e consulenti.<\/p>\n\n\n\n<p>Gli Utenti hanno il diritto di ottenere una lista degli eventuali responsabili del trattamento nominati dal Titolare, facendone richiesta allo stesso con le modalit\u00e0 indicate al punto 6) della presente policy.<\/p>\n\n\n\n<p><strong>5. Trasferimento dei dati<\/strong><strong><\/strong><\/p>\n\n\n\n<p>I dati raccolti in relazione alle predette finalit\u00e0 non sono trasferiti in paesi non appartenenti all\u2019UE.&nbsp; Il titolare, tuttavia, si riserva la possibilit\u00e0 di utilizzare servizi in cloud; nel qual caso, i fornitori dei servizi saranno selezionati tra coloro che forniscono garanzie adeguate, cos\u00ec come previsto dall\u2019art. 46 del Regolamento UE 2016\/679.<\/p>\n\n\n\n<p><strong>6. Diritti degli Interessati<\/strong><\/p>\n\n\n\n<p>Gli Utenti potranno esercitare i diritti garantiti loro dalla Normativa Applicabile, contattando il Titolare inviando una:<\/p>\n\n\n\n<ul class=\"wp-block-list\">\n<li>raccomandata a\/r a: <strong>Barzan\u00f2 &amp; Zanardo S.p.a. con sede legale in Via Piemonte, 26 00187 Roma, Italia recapiti:<\/strong><\/li>\n\n\n\n<li><strong>e-mail: <\/strong><a href=\"mailto:privacy@barzano-zanardo.com\"><strong>privacy@barzano-zanardo.com<\/strong><\/a><strong>\u00a0<\/strong><\/li>\n\n\n\n<li><strong>PEC: <\/strong><a href=\"mailto:b-zmilano@pec.barzano-zanardo.com\"><strong>b-zmilano@pec.barzano-zanardo.com<\/strong><\/a><\/li>\n<\/ul>\n\n\n\n<p>oppure contattando il DPO, inviando una:<\/p>\n\n\n\n<ul class=\"wp-block-list\">\n<li>raccomandata a\/r a: <strong>Avv. Clementina Baroni <\/strong>con sede legale in<strong>Via Domenico Francesco Cecati, 1\/1, 42123 Reggio nell&#8217;Emilia (RE);<\/strong><\/li>\n\n\n\n<li>PEC: <strong><u>\u00a0<\/u><\/strong><a href=\"mailto:clementina.baroni@ordineavvocatireggioemilia.it\">clementina.baroni@ordineavvocatireggioemilia.it<\/a><strong>;<\/strong><\/li>\n\n\n\n<li>e-mail:<a href=\"mailto:dpo@studiolegaleavvbaroni.it\">dpo@studiolegaleavvbaroni.it<\/a><\/li>\n<\/ul>\n\n\n\n<p>Gli Utenti hanno il diritto di ottenere:<\/p>\n\n\n\n<ul class=\"wp-block-list\">\n<li>accedere ai dati personali per conoscere (\u201ctrasparenza reattiva\u201d) le finalit\u00e0 del trattamento, le categorie dei dati personali raccolti, i destinatari della comunicazione dei dati, in particolare se destinatari di paesi terzi o organizzazioni internazionali, il periodo di conservazione dei dati previsti (art. 15);<\/li>\n\n\n\n<li>ottenere la rettifica (art. 16);<\/li>\n\n\n\n<li>diritto di ottenere la cancellazione dei dati personali, qualora questi non siano pi\u00f9 necessari rispetto alle finalit\u00e0 per le quali sono stati raccolti e qualora non sussistano ulteriori necessit\u00e0 legali di conservazione (art. 17 GDPR);<\/li>\n\n\n\n<li>richiedere la limitazione del trattamento (art. 18);<\/li>\n\n\n\n<li>richiedere la portabilit\u00e0 dei dati (art. 20);<\/li>\n\n\n\n<li>diritto di fare opposizione al trattamento per motivi connessi alla Sua situazione particolare (art. 21 GDPR). In tal caso, ci si asterr\u00e0 dal trattare ulteriormente i Suoi dati salvo che dimostri l\u2019esistenza di motivi legittimi cogenti per procedere al trattamento (es. per la difesa dei suoi diritti in sede giudiziaria).<\/li>\n\n\n\n<li>di non essere sottoposto a processo decisionale automatizzato, compresa la profilazione (art. 22);<\/li>\n\n\n\n<li>di revocare il consenso in qualsiasi momento senza pregiudizio per la liceit\u00e0 del trattamento basata sul consenso prestato prima della revoca (art. 7).<\/li>\n<\/ul>\n\n\n\n<p>Infine, l\u2019interessato avr\u00e0 il diritto di proporre reclamo all\u2019Autorit\u00e0 Garante ai sensi dell\u2019art. 13 par. 2 lett. d) del suddetto regolamento nonch\u00e9 ai sensi dell\u2019art 77 del regolamento.<\/p>\n\n\n\n<p>L\u2019Autorit\u00e0 di controllo italiana \u00e8 il<strong> Garante per la protezione dei dati personali<\/strong>, con sede in Piazza Venezia 11, 00186 \u2013 Roma (<a href=\"http:\/\/www.garanteprivacy.it\/\">http:\/\/www.garanteprivacy.it\/<\/a>).<\/p>\n\n\n\n<p>Per tutto quanto non previsto dalla presente informativa si rimanda al Regolamento (UE) 2016\/679 al d.lgs 196\/03 cos\u00ec come modificato dal d.lgs 101\/2018 e s.m.i., nonch\u00e9 da ogni altro provvedimento emesso dall\u2019Autorit\u00e0 Garante per la Protezione dei Dati Personali (\u201cGarante\u201d).<\/p>\n\n\n\n<p>***<\/p>\n\n\n\n<p>Il Titolare non \u00e8 responsabile per l\u2019aggiornamento di tutti i link visualizzabili nella presente Informativa, pertanto ogni qualvolta un link non sia funzionante e\/o aggiornato, gli Utenti riconoscono ed accettano che dovranno sempre far riferimento al documento e\/o sezione dei siti internet richiamati da tale link. Nel caso di mancata accettazione delle modifiche apportate alla presente privacy policy, l\u2019Utente \u00e8 tenuto a cessare l\u2019utilizzo <a>di<\/a> <a href=\"https:\/\/barzano-zanardo.com\/it\/\">https:\/\/barzano-zanardo.com\/it\/<\/a><strong> <\/strong>&nbsp;e pu\u00f2 richiedere al Titolare del Trattamento di rimuovere i propri Dati Personali. Salvo quanto diversamente specificato, la precedente privacy policy continuer\u00e0 ad applicarsi ai Dati Personali sino a quel momento raccolti.<\/p>\n","protected":false},"excerpt":{"rendered":"<p>La scrivente Societ\u00e0 Societ\u00e0 Barzan\u00f2 &amp; Zanardo&nbsp; S.p.a.(C.F.: 05051840584 \/ P.Iva: 01347741009)&nbsp;in persona del legale rappresentante p.t., con sede legale in Via Piemonte, 26 00187 Roma, Italia recapiti: e-mail: privacy@barzano-zanardo.com&nbsp; \u2013 PEC: b-zmilano@pec.barzano-zanardo.com &#8211; Tel. 06 421771 proprietario del sito internet https:\/\/barzano-zanardo.com\/it\/ (di seguito, il \u201cSito\u201d), in qualit\u00e0 di titolare del trattamento dei dati personali [&hellip;]<\/p>\n","protected":false},"author":9,"featured_media":0,"parent":0,"menu_order":7,"comment_status":"closed","ping_status":"closed","template":"","meta":{"_acf_changed":false,"inline_featured_image":false,"footnotes":""},"class_list":["post-754","page","type-page","status-publish","hentry"],"acf":[],"_links":{"self":[{"href":"https:\/\/barzano-zanardo.com\/it\/wp-json\/wp\/v2\/pages\/754","targetHints":{"allow":["GET"]}}],"collection":[{"href":"https:\/\/barzano-zanardo.com\/it\/wp-json\/wp\/v2\/pages"}],"about":[{"href":"https:\/\/barzano-zanardo.com\/it\/wp-json\/wp\/v2\/types\/page"}],"author":[{"embeddable":true,"href":"https:\/\/barzano-zanardo.com\/it\/wp-json\/wp\/v2\/users\/9"}],"replies":[{"embeddable":true,"href":"https:\/\/barzano-zanardo.com\/it\/wp-json\/wp\/v2\/comments?post=754"}],"version-history":[{"count":2,"href":"https:\/\/barzano-zanardo.com\/it\/wp-json\/wp\/v2\/pages\/754\/revisions"}],"predecessor-version":[{"id":25966,"href":"https:\/\/barzano-zanardo.com\/it\/wp-json\/wp\/v2\/pages\/754\/revisions\/25966"}],"wp:attachment":[{"href":"https:\/\/barzano-zanardo.com\/it\/wp-json\/wp\/v2\/media?parent=754"}],"curies":[{"name":"wp","href":"https:\/\/api.w.org\/{rel}","templated":true}]}}