{"id":864,"date":"2018-04-12T10:25:04","date_gmt":"2018-04-12T08:25:04","guid":{"rendered":"https:\/\/barzano-zanardo.snaptest.it\/?page_id=864"},"modified":"2024-11-01T09:43:04","modified_gmt":"2024-11-01T08:43:04","slug":"info-legali","status":"publish","type":"page","link":"https:\/\/barzano-zanardo.com\/it\/info-legali\/","title":{"rendered":"Info legali"},"content":{"rendered":"\n<p>Questo sito \u00e8 gestito dalla:<\/p>\n\n\n\n<h2 class=\"wp-block-heading\">Lionfin S.p.A.<\/h2>\n\n\n\n<p>sede legale in Roma, Via Paisiello, 12 \u2013 00198<br>Capitale Sociale Euro 7.768.000,00 I.V.,<br>C.C.I.A.A., di Roma n. 1033872, Cod. Fiscale., e P.IVA 03889051003<\/p>\n\n\n\n<p>L\u2019accesso e la navigazione del sito, determinano accettazione delle relative condizioni d\u2019uso, di seguito illustrate.<\/p>\n\n\n\n<h2 class=\"wp-block-heading\">Condizioni d\u2019uso<\/h2>\n\n\n\n<p>Il presente sito, su autorizzazione della Lionfin S.p.A., informa circa le attivit\u00e0 di Consulenza in materia di Propriet\u00e0 Industriale ed Intellettuale svolte dalle Societ\u00e0:<\/p>\n\n\n\n<p>Barzano\u2019 &amp; Zanardo S.p.A.<br>Sede Legale: Roma, via Piemonte, 26<br>Cap. Soc. \u20ac 1.500.000,00 I.V.<br>C.C.I.A.A. di Roma n. 475414 \u2013 Cod. Fisc.05051860582<br>P. IVA 01347751008<\/p>\n\n\n\n<p><\/p>\n\n\n\n<h2 class=\"wp-block-heading\">Responsabilit\u00e0<\/h2>\n\n\n\n<p>Lionfin S.p.A. e Barzano\u2019 &amp; Zanardo S.p.A. declinano ogni forma di responsabilit\u00e0 relativa ad azioni o omissioni risultanti dall\u2019utilizzo del sito (ivi incluso il download di file). Ci\u00f2 include i danni per errori, omissioni, interruzioni, difetti, cancellazioni, virus sui computer, perdita di vantaggi, perdita di dati, accesso non autorizzato e alterazioni nella trasmissione di dati, e qualsiasi altra perdita evidente o non evidente. I contenuti e le informazioni presenti sul sito sono pubblicati a scopi meramente informativi e divulgativi, non presentano carattere esaustivo n\u00e9 costituiscono parere legale n\u00e9 altro tipo di consulenza professionale.<\/p>\n\n\n\n<h2 class=\"wp-block-heading\">Accesso ai Siti Esterni Collegati<\/h2>\n\n\n\n<p>All&#8217;interno del sito, \u00e8 possibile trovare link (collegamenti) verso altri siti (c.d. siti esterni), segnalati al solo scopo di fornire all\u2019utente un servizio ulteriore, ovvero l\u2019accesso ad informazioni contenute in altri siti.<\/p>\n\n\n\n<p>Lionfin S.p.A. e Barzano\u2019 &amp; Zanardo S.p.A. declinano ogni forma di responsabilit\u00e0 che potrebbe sorgere in relazione ai contenuti dei siti esterni, ai quali \u00e8 possibile accedere tramite collegamenti posti all&#8217;interno del sito. La presenza di link verso siti esterni non deve essere interpretata come un&#8217;approvazione del contenuto dei siti ai quali si accede. L\u2019accesso e la navigazione di siti esterni pu\u00f2 altres\u00ec determinare l\u2019accettazione di Termini e Condizioni di utilizzo diverse rispetto a quelle del sito.<\/p>\n\n\n\n<h2 class=\"wp-block-heading\">Segni Distintivi.<\/h2>\n\n\n\n<p>I marchi Barzan\u00f2 &amp; Zanardo, B&amp;Z ed il nome di dominio &lt;barzano-zanardo.com&gt; , nonch\u00e9 tutti i nomi di dominio ad esso reindirizzati, sono di esclusiva propriet\u00e0 della Lionfin S.p.A.<\/p>\n\n\n\n<h2 class=\"wp-block-heading\">Copyright.<\/h2>\n\n\n\n<p>Il sito ed i contenuti su di esso pubblicati sono protetti da diritto d\u2019autore sulla base delle relative disposizioni nazionali e convenzioni internazionali, e sono di titolarit\u00e0 esclusiva della Lionfin S.p.A., e dei rispettivi autori. \u00c8 pertanto vietato riprodurre, parzialmente o integralmente, copiare, modificare, o in ogni caso diffondere i contenuti presenti sul sito in assenza della preventiva autorizzazione della Lionfin S.p.A.<\/p>\n","protected":false},"excerpt":{"rendered":"<p>Questo sito \u00e8 gestito dalla: Lionfin S.p.A. sede legale in Roma, Via Paisiello, 12 \u2013 00198Capitale Sociale Euro 7.768.000,00 I.V.,C.C.I.A.A., di Roma n. 1033872, Cod. Fiscale., e P.IVA 03889051003 L\u2019accesso e la navigazione del sito, determinano accettazione delle relative condizioni d\u2019uso, di seguito illustrate. Condizioni d\u2019uso Il presente sito, su autorizzazione della Lionfin S.p.A., informa [&hellip;]<\/p>\n","protected":false},"author":9,"featured_media":0,"parent":0,"menu_order":4,"comment_status":"closed","ping_status":"closed","template":"","meta":{"_acf_changed":false,"inline_featured_image":false,"footnotes":""},"class_list":["post-864","page","type-page","status-publish","hentry"],"acf":[],"_links":{"self":[{"href":"https:\/\/barzano-zanardo.com\/it\/wp-json\/wp\/v2\/pages\/864","targetHints":{"allow":["GET"]}}],"collection":[{"href":"https:\/\/barzano-zanardo.com\/it\/wp-json\/wp\/v2\/pages"}],"about":[{"href":"https:\/\/barzano-zanardo.com\/it\/wp-json\/wp\/v2\/types\/page"}],"author":[{"embeddable":true,"href":"https:\/\/barzano-zanardo.com\/it\/wp-json\/wp\/v2\/users\/9"}],"replies":[{"embeddable":true,"href":"https:\/\/barzano-zanardo.com\/it\/wp-json\/wp\/v2\/comments?post=864"}],"version-history":[{"count":4,"href":"https:\/\/barzano-zanardo.com\/it\/wp-json\/wp\/v2\/pages\/864\/revisions"}],"predecessor-version":[{"id":24675,"href":"https:\/\/barzano-zanardo.com\/it\/wp-json\/wp\/v2\/pages\/864\/revisions\/24675"}],"wp:attachment":[{"href":"https:\/\/barzano-zanardo.com\/it\/wp-json\/wp\/v2\/media?parent=864"}],"curies":[{"name":"wp","href":"https:\/\/api.w.org\/{rel}","templated":true}]}}